{"id":3509,"date":"2022-05-23T14:27:32","date_gmt":"2022-05-23T12:27:32","guid":{"rendered":"http:\/\/melbusystems.no\/?page_id=3509"},"modified":"2022-05-24T10:12:57","modified_gmt":"2022-05-24T08:12:57","slug":"melbuskole","status":"publish","type":"page","link":"https:\/\/melbusystems.no\/en\/melbuskole\/","title":{"rendered":"Velkommen 6. klasse"},"content":{"rendered":"\n<p><img decoding=\"async\" src=\"https:\/\/melbusystems.no\/wp-content\/uploads\/2019\/06\/DJI_0167-e1637918785261.jpg\"><\/p>\n<p><\/p><h1>Velkommen til Melbu Systems!<\/h1><p><\/p>\n<p>Velkommen til alle 6.-klassinger og l\u00e6rere fra Melbu Skole.<\/p>\n\n\n\n<p><strong>Agenda<\/strong><\/p>\n\n\n\n<ol class=\"wp-block-list\"><li>Presentasjon av Melbu Systems<\/li><li>HTML-kode for nettsider<\/li><li>PLS (Programmerbar Logisk Styreenhet)<\/li><li>Video med forklaring av automasjon (kodet logikk)<\/li><li>Visning av fiskescanner (og kode)<\/li><li>Visning av produksjonslokaler<\/li><\/ol>\n\n\n\n<p><strong>PRESENTASJON<\/strong><\/p>\n\n\n\n<p>\n<\/p><ul>\n<li>Melbu Systems AS er en ledende leverand\u00f8r av prosessutstyr i rustfritt st\u00e5l til n\u00e6ringsmiddelindustrien og da spesielt mot fiskeoppdrett, fiskeindustri og fiskefart\u00f8y<\/li>\n<li>Vi er 40 ansatte<\/li>\n<li>Vi har egen automasjonsavdeling som driver med koding\/programmering<\/li>\n<\/ul>\n<p><\/p>\n<p><font color=\"blue\">Dette er et eksempel p\u00e5 hvordan man veldig enkelt koder en nettside.<\/font><\/p>\n\n\n\n<p><strong>HTML-kode<\/strong><\/p>\n\n\n\n<figure class=\"wp-block-image size-full\"><img loading=\"lazy\" decoding=\"async\" width=\"872\" height=\"406\" src=\"https:\/\/melbusystems.no\/wp-content\/uploads\/2022\/05\/htmlkode.png\" alt=\"\" class=\"wp-image-3527\" srcset=\"https:\/\/melbusystems.no\/wp-content\/uploads\/2022\/05\/htmlkode.png 872w, https:\/\/melbusystems.no\/wp-content\/uploads\/2022\/05\/htmlkode-800x372.png 800w, https:\/\/melbusystems.no\/wp-content\/uploads\/2022\/05\/htmlkode-768x358.png 768w, https:\/\/melbusystems.no\/wp-content\/uploads\/2022\/05\/htmlkode-600x279.png 600w, https:\/\/melbusystems.no\/wp-content\/uploads\/2022\/05\/htmlkode-129x60.png 129w, https:\/\/melbusystems.no\/wp-content\/uploads\/2022\/05\/htmlkode-193x90.png 193w\" sizes=\"auto, (max-width: 872px) 100vw, 872px\" \/><\/figure>\n\n\n\n<p><strong>Video<\/strong><\/p>\n\n\n\n<iframe loading=\"lazy\" width=\"1675\" height=\"951\" src=\"https:\/\/www.youtube.com\/embed\/5Uo7PN5i1gI\" title=\"YouTube video player\" frameborder=\"0\" allow=\"accelerometer; autoplay; clipboard-write; encrypted-media; gyroscope; picture-in-picture\" allowfullscreen=\"\"><\/iframe>\n","protected":false},"excerpt":{"rendered":"<p>Velkommen til Melbu Systems! Velkommen til alle 6.-klassinger og l\u00e6rere fra Melbu Skole. Agenda Presentasjon av Melbu Systems HTML-kode for nettsider PLS (Programmerbar Logisk Styreenhet) Video med forklaring av automasjon (kodet logikk) Visning av fiskescanner (og kode) Visning av produksjonslokaler PRESENTASJON Melbu Systems AS er en ledende leverand\u00f8r av prosessutstyr i rustfritt st\u00e5l til n\u00e6ringsmiddelindustrien [&#8230;]\n","protected":false},"author":5,"featured_media":0,"parent":0,"menu_order":0,"comment_status":"closed","ping_status":"closed","template":"","meta":{"footnotes":""},"class_list":["post-3509","page","type-page","status-publish","hentry"],"_links":{"self":[{"href":"https:\/\/melbusystems.no\/en\/wp-json\/wp\/v2\/pages\/3509","targetHints":{"allow":["GET"]}}],"collection":[{"href":"https:\/\/melbusystems.no\/en\/wp-json\/wp\/v2\/pages"}],"about":[{"href":"https:\/\/melbusystems.no\/en\/wp-json\/wp\/v2\/types\/page"}],"author":[{"embeddable":true,"href":"https:\/\/melbusystems.no\/en\/wp-json\/wp\/v2\/users\/5"}],"replies":[{"embeddable":true,"href":"https:\/\/melbusystems.no\/en\/wp-json\/wp\/v2\/comments?post=3509"}],"version-history":[{"count":0,"href":"https:\/\/melbusystems.no\/en\/wp-json\/wp\/v2\/pages\/3509\/revisions"}],"wp:attachment":[{"href":"https:\/\/melbusystems.no\/en\/wp-json\/wp\/v2\/media?parent=3509"}],"curies":[{"name":"wp","href":"https:\/\/api.w.org\/{rel}","templated":true}]}}