{"id":3317,"date":"2021-11-19T12:33:48","date_gmt":"2021-11-19T11:33:48","guid":{"rendered":"http:\/\/melbusystems.no\/?page_id=3317"},"modified":"2021-11-19T14:08:36","modified_gmt":"2021-11-19T13:08:36","slug":"automasjonsblogg","status":"publish","type":"page","link":"https:\/\/melbusystems.no\/en\/nyheter\/automasjonsblogg\/","title":{"rendered":"Automasjonsblogg"},"content":{"rendered":"\n<div class=\"container section-title-container\" ><h1 class=\"section-title section-title-normal\"><b aria-hidden=\"true\"><\/b><span class=\"section-title-main\" >Automasjonsblogg<\/span><b aria-hidden=\"true\"><\/b><\/h1><\/div>\n\n<p>Denne bloggen tar for seg automasjonstemaer. De fleste omr\u00e5dene det skrives om er omr\u00e5der som vi i Melbu Systems har erfaring med. Gjennom bloggen \u00f8nsker vi at lesere skal f\u00e5 en forst\u00e5else for hva automasjonsavdelingen jobber med og hvordan det jobbes. Bloggen ble startet i november 2021.<\/p>\n<p>Ta gjerne kontakt med oss p\u00e5 <a href=\"mailto:automasjon@melbusystems.no\">automasjon@melbusystems.no<\/a> eller <a href=\"https:\/\/melbusystems.no\/tjenester\/automasjon\/\">les om avdelingen her<\/a>.<\/p>\n\n  \n    <div class=\"row large-columns-3 medium-columns-1 small-columns-1 slider row-slider slider-nav-reveal slider-nav-push\"  data-flickity-options='{&quot;imagesLoaded&quot;: true, &quot;groupCells&quot;: &quot;100%&quot;, &quot;dragThreshold&quot; : 5, &quot;cellAlign&quot;: &quot;left&quot;,&quot;wrapAround&quot;: true,&quot;prevNextButtons&quot;: true,&quot;percentPosition&quot;: true,&quot;pageDots&quot;: false, &quot;rightToLeft&quot;: false, &quot;autoPlay&quot; : false}' >\n\n  <div class=\"col post-item\" >\n\t\t\t<div class=\"col-inner\">\n\t\t\t\t<div class=\"box box-normal box-text-bottom box-blog-post has-hover\">\n            \t\t\t\t\t<div class=\"box-image\" >\n  \t\t\t\t\t\t<div class=\"image-cover\" style=\"padding-top:56.25%;\">\n\t\t\t\t\t\t\t<a href=\"https:\/\/melbusystems.no\/en\/et-typisk-ordrebasert-prosjekt-pa-automasjonsavdelingen\/\" class=\"plain\" aria-label=\"Automasjonsblogg: #4 Et typisk ordrebasert prosjekt p\u00e5 automasjonsavdelingen\">\n\t\t\t\t\t\t\t\t<img loading=\"lazy\" decoding=\"async\" width=\"800\" height=\"450\" src=\"https:\/\/melbusystems.no\/wp-content\/uploads\/2023\/07\/IMG_017256-800x450.jpg\" class=\"attachment-medium size-medium wp-post-image\" alt=\"\" srcset=\"https:\/\/melbusystems.no\/wp-content\/uploads\/2023\/07\/IMG_017256-800x450.jpg 800w, https:\/\/melbusystems.no\/wp-content\/uploads\/2023\/07\/IMG_017256-1600x900.jpg 1600w, https:\/\/melbusystems.no\/wp-content\/uploads\/2023\/07\/IMG_017256-768x432.jpg 768w, https:\/\/melbusystems.no\/wp-content\/uploads\/2023\/07\/IMG_017256-1536x864.jpg 1536w, https:\/\/melbusystems.no\/wp-content\/uploads\/2023\/07\/IMG_017256-2048x1152.jpg 2048w, https:\/\/melbusystems.no\/wp-content\/uploads\/2023\/07\/IMG_017256-600x338.jpg 600w, https:\/\/melbusystems.no\/wp-content\/uploads\/2023\/07\/IMG_017256-107x60.jpg 107w, https:\/\/melbusystems.no\/wp-content\/uploads\/2023\/07\/IMG_017256-160x90.jpg 160w\" sizes=\"auto, (max-width: 800px) 100vw, 800px\" \/>\t\t\t\t\t\t\t<\/a>\n  \t\t\t\t\t\t\t  \t\t\t\t\t\t\t  \t\t\t\t\t\t<\/div>\n  \t\t\t\t\t\t  \t\t\t\t\t<\/div>\n          \t\t\t\t\t<div class=\"box-text text-left\" >\n\t\t\t\t\t<div class=\"box-text-inner blog-post-inner\">\n\n\t\t\t\t\t\n\t\t\t\t\t\t\t\t\t\t<h5 class=\"post-title is-large \">\n\t\t\t\t\t\t<a href=\"https:\/\/melbusystems.no\/en\/et-typisk-ordrebasert-prosjekt-pa-automasjonsavdelingen\/\" class=\"plain\">Automasjonsblogg: #4 Et typisk ordrebasert prosjekt p\u00e5 automasjonsavdelingen<\/a>\n\t\t\t\t\t<\/h5>\n\t\t\t\t\t<div class=\"post-meta is-small op-8\">Tuesday July  4th, 2023<\/div>\t\t\t\t\t<div class=\"is-divider\"><\/div>\n\t\t\t\t\t\t\t\t\t\t<p class=\"from_the_blog_excerpt \">\n\t\t\t\t\t\tI l\u00f8pet av et \u00e5r er automasjonsavdelingen innom mange varierte oppgaver. Det kan f.eks. v\u00e6re [...]\t\t\t\t\t<\/p>\n\t\t\t\t\t                    \n\t\t\t\t\t\n\t\t\t\t\t\n\t\t\t\t\t<\/div>\n\t\t\t\t\t<\/div>\n\t\t\t\t\t\t\t\t\t<\/div>\n\t\t\t<\/div>\n\t\t<\/div><div class=\"col post-item\" >\n\t\t\t<div class=\"col-inner\">\n\t\t\t\t<div class=\"box box-normal box-text-bottom box-blog-post has-hover\">\n            \t\t\t\t\t<div class=\"box-image\" >\n  \t\t\t\t\t\t<div class=\"image-cover\" style=\"padding-top:56.25%;\">\n\t\t\t\t\t\t\t<a href=\"https:\/\/melbusystems.no\/en\/global-mangel-pa-komponenter\/\" class=\"plain\" aria-label=\"Global shortage of electronic components\">\n\t\t\t\t\t\t\t\t<img loading=\"lazy\" decoding=\"async\" width=\"800\" height=\"451\" src=\"https:\/\/melbusystems.no\/wp-content\/uploads\/2022\/05\/2022-04-28-Global-mangel-pa-komponenter-800x451.jpg\" class=\"attachment-medium size-medium wp-post-image\" alt=\"\" srcset=\"https:\/\/melbusystems.no\/wp-content\/uploads\/2022\/05\/2022-04-28-Global-mangel-pa-komponenter-800x451.jpg 800w, https:\/\/melbusystems.no\/wp-content\/uploads\/2022\/05\/2022-04-28-Global-mangel-pa-komponenter-768x433.jpg 768w, https:\/\/melbusystems.no\/wp-content\/uploads\/2022\/05\/2022-04-28-Global-mangel-pa-komponenter-600x338.jpg 600w, https:\/\/melbusystems.no\/wp-content\/uploads\/2022\/05\/2022-04-28-Global-mangel-pa-komponenter.jpg 1280w\" sizes=\"auto, (max-width: 800px) 100vw, 800px\" \/>\t\t\t\t\t\t\t<\/a>\n  \t\t\t\t\t\t\t  \t\t\t\t\t\t\t  \t\t\t\t\t\t<\/div>\n  \t\t\t\t\t\t  \t\t\t\t\t<\/div>\n          \t\t\t\t\t<div class=\"box-text text-left\" >\n\t\t\t\t\t<div class=\"box-text-inner blog-post-inner\">\n\n\t\t\t\t\t\n\t\t\t\t\t\t\t\t\t\t<h5 class=\"post-title is-large \">\n\t\t\t\t\t\t<a href=\"https:\/\/melbusystems.no\/en\/global-mangel-pa-komponenter\/\" class=\"plain\">Global shortage of electronic components<\/a>\n\t\t\t\t\t<\/h5>\n\t\t\t\t\t<div class=\"post-meta is-small op-8\">Tuesday May  3rd, 2022<\/div>\t\t\t\t\t<div class=\"is-divider\"><\/div>\n\t\t\t\t\t\t\t\t\t\t<p class=\"from_the_blog_excerpt \">\n\t\t\t\t\t\tOver hele verden opplever man stor mangel p\u00e5 komponenter, og s\u00e6rlig mikroprosessorer. De fleste bransjene [...]\t\t\t\t\t<\/p>\n\t\t\t\t\t                    \n\t\t\t\t\t\n\t\t\t\t\t\n\t\t\t\t\t<\/div>\n\t\t\t\t\t<\/div>\n\t\t\t\t\t\t\t\t\t<\/div>\n\t\t\t<\/div>\n\t\t<\/div><div class=\"col post-item\" >\n\t\t\t<div class=\"col-inner\">\n\t\t\t\t<div class=\"box box-normal box-text-bottom box-blog-post has-hover\">\n            \t\t\t\t\t<div class=\"box-image\" >\n  \t\t\t\t\t\t<div class=\"image-cover\" style=\"padding-top:56.25%;\">\n\t\t\t\t\t\t\t<a href=\"https:\/\/melbusystems.no\/en\/forkortelser\/\" class=\"plain\" aria-label=\"Automasjonsblogg: #2 Forkortelser\">\n\t\t\t\t\t\t\t\t<img loading=\"lazy\" decoding=\"async\" width=\"800\" height=\"430\" src=\"https:\/\/melbusystems.no\/wp-content\/uploads\/2021\/11\/forkortelser-800x430.jpg\" class=\"attachment-medium size-medium wp-post-image\" alt=\"\" srcset=\"https:\/\/melbusystems.no\/wp-content\/uploads\/2021\/11\/forkortelser-800x430.jpg 800w, https:\/\/melbusystems.no\/wp-content\/uploads\/2021\/11\/forkortelser-768x413.jpg 768w, https:\/\/melbusystems.no\/wp-content\/uploads\/2021\/11\/forkortelser-600x323.jpg 600w, https:\/\/melbusystems.no\/wp-content\/uploads\/2021\/11\/forkortelser.jpg 1093w\" sizes=\"auto, (max-width: 800px) 100vw, 800px\" \/>\t\t\t\t\t\t\t<\/a>\n  \t\t\t\t\t\t\t  \t\t\t\t\t\t\t  \t\t\t\t\t\t<\/div>\n  \t\t\t\t\t\t  \t\t\t\t\t<\/div>\n          \t\t\t\t\t<div class=\"box-text text-left\" >\n\t\t\t\t\t<div class=\"box-text-inner blog-post-inner\">\n\n\t\t\t\t\t\n\t\t\t\t\t\t\t\t\t\t<h5 class=\"post-title is-large \">\n\t\t\t\t\t\t<a href=\"https:\/\/melbusystems.no\/en\/forkortelser\/\" class=\"plain\">Automasjonsblogg: #2 Forkortelser<\/a>\n\t\t\t\t\t<\/h5>\n\t\t\t\t\t<div class=\"post-meta is-small op-8\">Tuesday November 23rd, 2021<\/div>\t\t\t\t\t<div class=\"is-divider\"><\/div>\n\t\t\t\t\t\t\t\t\t\t<p class=\"from_the_blog_excerpt \">\n\t\t\t\t\t\tI det norske spr\u00e5ket, b\u00e5de skriftlig og muntlig, florerer det av engelske uttrykk og forkortelser. [...]\t\t\t\t\t<\/p>\n\t\t\t\t\t                    \n\t\t\t\t\t\n\t\t\t\t\t\n\t\t\t\t\t<\/div>\n\t\t\t\t\t<\/div>\n\t\t\t\t\t\t\t\t\t<\/div>\n\t\t\t<\/div>\n\t\t<\/div><div class=\"col post-item\" >\n\t\t\t<div class=\"col-inner\">\n\t\t\t\t<div class=\"box box-normal box-text-bottom box-blog-post has-hover\">\n            \t\t\t\t\t<div class=\"box-image\" >\n  \t\t\t\t\t\t<div class=\"image-cover\" style=\"padding-top:56.25%;\">\n\t\t\t\t\t\t\t<a href=\"https:\/\/melbusystems.no\/en\/industrielle-dataprotokoller\/\" class=\"plain\" aria-label=\"Automasjonsblogg: #1 Industrielle dataprotokoller\">\n\t\t\t\t\t\t\t\t<img loading=\"lazy\" decoding=\"async\" width=\"800\" height=\"262\" src=\"https:\/\/melbusystems.no\/wp-content\/uploads\/2018\/12\/Automasjon1220x400-800x262.jpg\" class=\"attachment-medium size-medium wp-post-image\" alt=\"\" srcset=\"https:\/\/melbusystems.no\/wp-content\/uploads\/2018\/12\/Automasjon1220x400-800x262.jpg 800w, https:\/\/melbusystems.no\/wp-content\/uploads\/2018\/12\/Automasjon1220x400-768x252.jpg 768w, https:\/\/melbusystems.no\/wp-content\/uploads\/2018\/12\/Automasjon1220x400-600x197.jpg 600w, https:\/\/melbusystems.no\/wp-content\/uploads\/2018\/12\/Automasjon1220x400.jpg 1220w\" sizes=\"auto, (max-width: 800px) 100vw, 800px\" \/>\t\t\t\t\t\t\t<\/a>\n  \t\t\t\t\t\t\t  \t\t\t\t\t\t\t  \t\t\t\t\t\t<\/div>\n  \t\t\t\t\t\t  \t\t\t\t\t<\/div>\n          \t\t\t\t\t<div class=\"box-text text-left\" >\n\t\t\t\t\t<div class=\"box-text-inner blog-post-inner\">\n\n\t\t\t\t\t\n\t\t\t\t\t\t\t\t\t\t<h5 class=\"post-title is-large \">\n\t\t\t\t\t\t<a href=\"https:\/\/melbusystems.no\/en\/industrielle-dataprotokoller\/\" class=\"plain\">Automasjonsblogg: #1 Industrielle dataprotokoller<\/a>\n\t\t\t\t\t<\/h5>\n\t\t\t\t\t<div class=\"post-meta is-small op-8\">Friday November 19th, 2021<\/div>\t\t\t\t\t<div class=\"is-divider\"><\/div>\n\t\t\t\t\t\t\t\t\t\t<p class=\"from_the_blog_excerpt \">\n\t\t\t\t\t\tI dette f\u00f8rste innlegget tar vi for oss industrielle protokoller for datakommunikasjon. Man kan si [...]\t\t\t\t\t<\/p>\n\t\t\t\t\t                    \n\t\t\t\t\t\n\t\t\t\t\t\n\t\t\t\t\t<\/div>\n\t\t\t\t\t<\/div>\n\t\t\t\t\t\t\t\t\t<\/div>\n\t\t\t<\/div>\n\t\t<\/div><\/div>\n","protected":false},"excerpt":{"rendered":"","protected":false},"author":5,"featured_media":3253,"parent":18,"menu_order":2,"comment_status":"closed","ping_status":"closed","template":"","meta":{"footnotes":""},"class_list":["post-3317","page","type-page","status-publish","has-post-thumbnail","hentry"],"_links":{"self":[{"href":"https:\/\/melbusystems.no\/en\/wp-json\/wp\/v2\/pages\/3317","targetHints":{"allow":["GET"]}}],"collection":[{"href":"https:\/\/melbusystems.no\/en\/wp-json\/wp\/v2\/pages"}],"about":[{"href":"https:\/\/melbusystems.no\/en\/wp-json\/wp\/v2\/types\/page"}],"author":[{"embeddable":true,"href":"https:\/\/melbusystems.no\/en\/wp-json\/wp\/v2\/users\/5"}],"replies":[{"embeddable":true,"href":"https:\/\/melbusystems.no\/en\/wp-json\/wp\/v2\/comments?post=3317"}],"version-history":[{"count":0,"href":"https:\/\/melbusystems.no\/en\/wp-json\/wp\/v2\/pages\/3317\/revisions"}],"up":[{"embeddable":true,"href":"https:\/\/melbusystems.no\/en\/wp-json\/wp\/v2\/pages\/18"}],"wp:featuredmedia":[{"embeddable":true,"href":"https:\/\/melbusystems.no\/en\/wp-json\/wp\/v2\/media\/3253"}],"wp:attachment":[{"href":"https:\/\/melbusystems.no\/en\/wp-json\/wp\/v2\/media?parent=3317"}],"curies":[{"name":"wp","href":"https:\/\/api.w.org\/{rel}","templated":true}]}}