{"id":16,"date":"2016-08-08T11:31:30","date_gmt":"2016-08-08T09:31:30","guid":{"rendered":"http:\/\/melbusystems.nettrakett.no\/?page_id=16"},"modified":"2025-06-13T12:56:01","modified_gmt":"2025-06-13T10:56:01","slug":"home","status":"publish","type":"page","link":"https:\/\/melbusystems.no\/en\/","title":{"rendered":"Home"},"content":{"rendered":"<hr>\n<h2 style=\"text-align: center\"><span lang=\"en\">Innovator and supplier of process equipment and automation<br \/>\n<\/span><\/h2>\n<h4 style=\"text-align: center\">Melbu Systems<span lang=\"en\">&nbsp;is a supplier of process equipment to aquaculture and the fishing industry onboard and onshore&nbsp;<\/span><\/h4>\n<hr>\n<div class=\"container section-title-container\" ><h3 class=\"section-title section-title-normal\"><b aria-hidden=\"true\"><\/b><span class=\"section-title-main\" >Product categories<\/span><b aria-hidden=\"true\"><\/b><\/h3><\/div>\n\n<div style=\"margin-left: 15%;margin-right: 15%\"><div class=\"woocommerce columns-3\"><div class=\"products row row-small large-columns-3 medium-columns-3 small-columns-2 has-shadow row-box-shadow-3 has-equal-box-heights\">\n<div class=\"product-category col product first\">\n\t<div class=\"col-inner\">\n\t\t<a aria-label=\"Visit product category Automation systems\" href=\"https:\/\/melbusystems.no\/en\/produktkategori\/automasjon\/\">\n\t\t<div class=\"box box-push   \">\n\t\t\t<div class=\"box-image\">\n\t\t\t\t<img loading=\"lazy\" decoding=\"async\" src=\"https:\/\/melbusystems.no\/wp-content\/uploads\/2019\/03\/X2base-1-300x300.png\" alt=\"Automation systems\" width=\"300\" height=\"300\" srcset=\"https:\/\/melbusystems.no\/wp-content\/uploads\/2019\/03\/X2base-1-300x300.png 300w, https:\/\/melbusystems.no\/wp-content\/uploads\/2019\/03\/X2base-1-340x340.png 340w, https:\/\/melbusystems.no\/wp-content\/uploads\/2019\/03\/X2base-1-800x800.png 800w, https:\/\/melbusystems.no\/wp-content\/uploads\/2019\/03\/X2base-1-768x768.png 768w, https:\/\/melbusystems.no\/wp-content\/uploads\/2019\/03\/X2base-1-600x600.png 600w, https:\/\/melbusystems.no\/wp-content\/uploads\/2019\/03\/X2base-1-100x100.png 100w, https:\/\/melbusystems.no\/wp-content\/uploads\/2019\/03\/X2base-1.png 1054w\" sizes=\"auto, (max-width: 300px) 100vw, 300px\" \/>\n\t\t\t\t\t\t\t\t\t\t\t<\/div>\n\t\t\t<div class=\"box-text text-center\">\n\t\t\t\t<div class=\"box-text-inner\">\n\t\t\t\t\t<h5 class=\"uppercase header-title\">\n\t\t\t\t\t\tAutomation systems\t\t\t\t\t<\/h5>\n\t\t\t\t\t\t\t\t\t\t\t<p class=\"is-xsmall uppercase count\">\n\t\t\t\t\t\t\t4 Products\t\t\t\t\t\t<\/p>\n\t\t\t\t\t\t\t\t\t\t\t\t\t\t<\/div>\n\t\t\t<\/div>\n\t\t<\/div>\n\n\t\t<\/a>\t<\/div>\n<\/div>\n<div class=\"product-category col product\">\n\t<div class=\"col-inner\">\n\t\t<a aria-label=\"Visit product category Drainage boxes\" href=\"https:\/\/melbusystems.no\/en\/produktkategori\/avsilingskasser\/\">\n\t\t<div class=\"box box-push   \">\n\t\t\t<div class=\"box-image\">\n\t\t\t\t<img loading=\"lazy\" decoding=\"async\" src=\"https:\/\/melbusystems.no\/wp-content\/uploads\/2018\/08\/Avsilingskasse-300x300.jpg\" alt=\"Drainage boxes\" width=\"300\" height=\"300\" srcset=\"https:\/\/melbusystems.no\/wp-content\/uploads\/2018\/08\/Avsilingskasse-300x300.jpg 300w, https:\/\/melbusystems.no\/wp-content\/uploads\/2018\/08\/Avsilingskasse-340x340.jpg 340w, https:\/\/melbusystems.no\/wp-content\/uploads\/2018\/08\/Avsilingskasse-800x800.jpg 800w, https:\/\/melbusystems.no\/wp-content\/uploads\/2018\/08\/Avsilingskasse-768x767.jpg 768w, https:\/\/melbusystems.no\/wp-content\/uploads\/2018\/08\/Avsilingskasse-600x599.jpg 600w, https:\/\/melbusystems.no\/wp-content\/uploads\/2018\/08\/Avsilingskasse-100x100.jpg 100w, https:\/\/melbusystems.no\/wp-content\/uploads\/2018\/08\/Avsilingskasse.jpg 972w\" sizes=\"auto, (max-width: 300px) 100vw, 300px\" \/>\n\t\t\t\t\t\t\t\t\t\t\t<\/div>\n\t\t\t<div class=\"box-text text-center\">\n\t\t\t\t<div class=\"box-text-inner\">\n\t\t\t\t\t<h5 class=\"uppercase header-title\">\n\t\t\t\t\t\tDrainage boxes\t\t\t\t\t<\/h5>\n\t\t\t\t\t\t\t\t\t\t\t<p class=\"is-xsmall uppercase count\">\n\t\t\t\t\t\t\t1 Product\t\t\t\t\t\t<\/p>\n\t\t\t\t\t\t\t\t\t\t\t\t\t\t<\/div>\n\t\t\t<\/div>\n\t\t<\/div>\n\n\t\t<\/a>\t<\/div>\n<\/div>\n<div class=\"product-category col product last\">\n\t<div class=\"col-inner\">\n\t\t<a aria-label=\"Visit product category Sorting tables\" href=\"https:\/\/melbusystems.no\/en\/produktkategori\/bord\/\">\n\t\t<div class=\"box box-push   \">\n\t\t\t<div class=\"box-image\">\n\t\t\t\t<img loading=\"lazy\" decoding=\"async\" src=\"https:\/\/melbusystems.no\/wp-content\/uploads\/2019\/02\/Filet-bord_u-logo-300x300.jpg\" alt=\"Sorting tables\" width=\"300\" height=\"300\" srcset=\"https:\/\/melbusystems.no\/wp-content\/uploads\/2019\/02\/Filet-bord_u-logo-300x300.jpg 300w, https:\/\/melbusystems.no\/wp-content\/uploads\/2019\/02\/Filet-bord_u-logo-340x340.jpg 340w, https:\/\/melbusystems.no\/wp-content\/uploads\/2019\/02\/Filet-bord_u-logo-800x800.jpg 800w, https:\/\/melbusystems.no\/wp-content\/uploads\/2019\/02\/Filet-bord_u-logo-768x768.jpg 768w, https:\/\/melbusystems.no\/wp-content\/uploads\/2019\/02\/Filet-bord_u-logo-600x600.jpg 600w, https:\/\/melbusystems.no\/wp-content\/uploads\/2019\/02\/Filet-bord_u-logo-100x100.jpg 100w, https:\/\/melbusystems.no\/wp-content\/uploads\/2019\/02\/Filet-bord_u-logo.jpg 1308w\" sizes=\"auto, (max-width: 300px) 100vw, 300px\" \/>\n\t\t\t\t\t\t\t\t\t\t\t<\/div>\n\t\t\t<div class=\"box-text text-center\">\n\t\t\t\t<div class=\"box-text-inner\">\n\t\t\t\t\t<h5 class=\"uppercase header-title\">\n\t\t\t\t\t\tSorting tables\t\t\t\t\t<\/h5>\n\t\t\t\t\t\t\t\t\t\t\t<p class=\"is-xsmall uppercase count\">\n\t\t\t\t\t\t\t2 Products\t\t\t\t\t\t<\/p>\n\t\t\t\t\t\t\t\t\t\t\t\t\t\t<\/div>\n\t\t\t<\/div>\n\t\t<\/div>\n\n\t\t<\/a>\t<\/div>\n<\/div>\n<\/div><!-- row -->\n<\/div><\/div>\n<div class=\"container section-title-container\" ><h3 class=\"section-title section-title-normal\"><b aria-hidden=\"true\"><\/b><span class=\"section-title-main\" >News<\/span><b aria-hidden=\"true\"><\/b><\/h3><\/div>\n\n\n  \n    <div class=\"row large-columns-3 medium-columns- small-columns-1 slider row-slider slider-nav-reveal slider-nav-push\"  data-flickity-options='{&quot;imagesLoaded&quot;: true, &quot;groupCells&quot;: &quot;100%&quot;, &quot;dragThreshold&quot; : 5, &quot;cellAlign&quot;: &quot;left&quot;,&quot;wrapAround&quot;: true,&quot;prevNextButtons&quot;: true,&quot;percentPosition&quot;: true,&quot;pageDots&quot;: false, &quot;rightToLeft&quot;: false, &quot;autoPlay&quot; : false}' >\n\n  <div class=\"col post-item\" >\n\t\t\t<div class=\"col-inner\">\n\t\t\t\t<div class=\"box box-text-bottom box-blog-post has-hover\">\n            \t\t\t\t\t<div class=\"box-image\" >\n  \t\t\t\t\t\t<div class=\"image-cover\" style=\"padding-top:200px;\">\n\t\t\t\t\t\t\t<a href=\"https:\/\/melbusystems.no\/en\/melbu-systems-as-deltar-i-infinifish-eu-horizon-prosjektet\/\" class=\"plain\" aria-label=\"Melbu Systems AS participates in INFINIFISH EU Horizon Project\">\n\t\t\t\t\t\t\t\t<img loading=\"lazy\" decoding=\"async\" width=\"800\" height=\"153\" src=\"https:\/\/melbusystems.no\/wp-content\/uploads\/2026\/01\/infinifish-logo-800x153.png\" class=\"attachment-medium size-medium wp-post-image\" alt=\"\" srcset=\"https:\/\/melbusystems.no\/wp-content\/uploads\/2026\/01\/infinifish-logo-800x153.png 800w, https:\/\/melbusystems.no\/wp-content\/uploads\/2026\/01\/infinifish-logo-768x146.png 768w, https:\/\/melbusystems.no\/wp-content\/uploads\/2026\/01\/infinifish-logo-600x114.png 600w, https:\/\/melbusystems.no\/wp-content\/uploads\/2026\/01\/infinifish-logo.png 839w\" sizes=\"auto, (max-width: 800px) 100vw, 800px\" \/>\t\t\t\t\t\t\t<\/a>\n  \t\t\t\t\t\t\t  \t\t\t\t\t\t\t  \t\t\t\t\t\t<\/div>\n  \t\t\t\t\t\t  \t\t\t\t\t<\/div>\n          \t\t\t\t\t<div class=\"box-text text-center\" >\n\t\t\t\t\t<div class=\"box-text-inner blog-post-inner\">\n\n\t\t\t\t\t\n\t\t\t\t\t\t\t\t\t\t<h5 class=\"post-title is-large \">\n\t\t\t\t\t\t<a href=\"https:\/\/melbusystems.no\/en\/melbu-systems-as-deltar-i-infinifish-eu-horizon-prosjektet\/\" class=\"plain\">Melbu Systems AS participates in INFINIFISH EU Horizon Project<\/a>\n\t\t\t\t\t<\/h5>\n\t\t\t\t\t\t\t\t\t\t<div class=\"is-divider\"><\/div>\n\t\t\t\t\t\t\t\t\t\t<p class=\"from_the_blog_excerpt \">\n\t\t\t\t\t\tINFINIFISH is a four-year research project funded by the EU&#8217;s Horizon Europe program, running from [...]\t\t\t\t\t<\/p>\n\t\t\t\t\t                    \n\t\t\t\t\t\n\t\t\t\t\t\n\t\t\t\t\t<\/div>\n\t\t\t\t\t<\/div>\n\t\t\t\t\t\t\t\t\t<\/div>\n\t\t\t<\/div>\n\t\t<\/div><div class=\"col post-item\" >\n\t\t\t<div class=\"col-inner\">\n\t\t\t\t<div class=\"box box-text-bottom box-blog-post has-hover\">\n            \t\t\t\t\t<div class=\"box-image\" >\n  \t\t\t\t\t\t<div class=\"image-cover\" style=\"padding-top:200px;\">\n\t\t\t\t\t\t\t<a href=\"https:\/\/melbusystems.no\/en\/et-typisk-ordrebasert-prosjekt-pa-automasjonsavdelingen\/\" class=\"plain\" aria-label=\"Automasjonsblogg: #4 Et typisk ordrebasert prosjekt p\u00e5 automasjonsavdelingen\">\n\t\t\t\t\t\t\t\t<img loading=\"lazy\" decoding=\"async\" width=\"800\" height=\"450\" src=\"https:\/\/melbusystems.no\/wp-content\/uploads\/2023\/07\/IMG_017256-800x450.jpg\" class=\"attachment-medium size-medium wp-post-image\" alt=\"\" srcset=\"https:\/\/melbusystems.no\/wp-content\/uploads\/2023\/07\/IMG_017256-800x450.jpg 800w, https:\/\/melbusystems.no\/wp-content\/uploads\/2023\/07\/IMG_017256-1600x900.jpg 1600w, https:\/\/melbusystems.no\/wp-content\/uploads\/2023\/07\/IMG_017256-768x432.jpg 768w, https:\/\/melbusystems.no\/wp-content\/uploads\/2023\/07\/IMG_017256-1536x864.jpg 1536w, https:\/\/melbusystems.no\/wp-content\/uploads\/2023\/07\/IMG_017256-2048x1152.jpg 2048w, https:\/\/melbusystems.no\/wp-content\/uploads\/2023\/07\/IMG_017256-600x338.jpg 600w, https:\/\/melbusystems.no\/wp-content\/uploads\/2023\/07\/IMG_017256-107x60.jpg 107w, https:\/\/melbusystems.no\/wp-content\/uploads\/2023\/07\/IMG_017256-160x90.jpg 160w\" sizes=\"auto, (max-width: 800px) 100vw, 800px\" \/>\t\t\t\t\t\t\t<\/a>\n  \t\t\t\t\t\t\t  \t\t\t\t\t\t\t  \t\t\t\t\t\t<\/div>\n  \t\t\t\t\t\t  \t\t\t\t\t<\/div>\n          \t\t\t\t\t<div class=\"box-text text-center\" >\n\t\t\t\t\t<div class=\"box-text-inner blog-post-inner\">\n\n\t\t\t\t\t\n\t\t\t\t\t\t\t\t\t\t<h5 class=\"post-title is-large \">\n\t\t\t\t\t\t<a href=\"https:\/\/melbusystems.no\/en\/et-typisk-ordrebasert-prosjekt-pa-automasjonsavdelingen\/\" class=\"plain\">Automasjonsblogg: #4 Et typisk ordrebasert prosjekt p\u00e5 automasjonsavdelingen<\/a>\n\t\t\t\t\t<\/h5>\n\t\t\t\t\t\t\t\t\t\t<div class=\"is-divider\"><\/div>\n\t\t\t\t\t\t\t\t\t\t<p class=\"from_the_blog_excerpt \">\n\t\t\t\t\t\tI l\u00f8pet av et \u00e5r er automasjonsavdelingen innom mange varierte oppgaver. Det kan f.eks. v\u00e6re [...]\t\t\t\t\t<\/p>\n\t\t\t\t\t                    \n\t\t\t\t\t\n\t\t\t\t\t\n\t\t\t\t\t<\/div>\n\t\t\t\t\t<\/div>\n\t\t\t\t\t\t\t\t\t<\/div>\n\t\t\t<\/div>\n\t\t<\/div><div class=\"col post-item\" >\n\t\t\t<div class=\"col-inner\">\n\t\t\t\t<div class=\"box box-text-bottom box-blog-post has-hover\">\n            \t\t\t\t\t<div class=\"box-image\" >\n  \t\t\t\t\t\t<div class=\"image-cover\" style=\"padding-top:200px;\">\n\t\t\t\t\t\t\t<a href=\"https:\/\/melbusystems.no\/en\/global-mangel-pa-komponenter\/\" class=\"plain\" aria-label=\"Global shortage of electronic components\">\n\t\t\t\t\t\t\t\t<img loading=\"lazy\" decoding=\"async\" width=\"800\" height=\"451\" src=\"https:\/\/melbusystems.no\/wp-content\/uploads\/2022\/05\/2022-04-28-Global-mangel-pa-komponenter-800x451.jpg\" class=\"attachment-medium size-medium wp-post-image\" alt=\"\" srcset=\"https:\/\/melbusystems.no\/wp-content\/uploads\/2022\/05\/2022-04-28-Global-mangel-pa-komponenter-800x451.jpg 800w, https:\/\/melbusystems.no\/wp-content\/uploads\/2022\/05\/2022-04-28-Global-mangel-pa-komponenter-768x433.jpg 768w, https:\/\/melbusystems.no\/wp-content\/uploads\/2022\/05\/2022-04-28-Global-mangel-pa-komponenter-600x338.jpg 600w, https:\/\/melbusystems.no\/wp-content\/uploads\/2022\/05\/2022-04-28-Global-mangel-pa-komponenter.jpg 1280w\" sizes=\"auto, (max-width: 800px) 100vw, 800px\" \/>\t\t\t\t\t\t\t<\/a>\n  \t\t\t\t\t\t\t  \t\t\t\t\t\t\t  \t\t\t\t\t\t<\/div>\n  \t\t\t\t\t\t  \t\t\t\t\t<\/div>\n          \t\t\t\t\t<div class=\"box-text text-center\" >\n\t\t\t\t\t<div class=\"box-text-inner blog-post-inner\">\n\n\t\t\t\t\t\n\t\t\t\t\t\t\t\t\t\t<h5 class=\"post-title is-large \">\n\t\t\t\t\t\t<a href=\"https:\/\/melbusystems.no\/en\/global-mangel-pa-komponenter\/\" class=\"plain\">Global shortage of electronic components<\/a>\n\t\t\t\t\t<\/h5>\n\t\t\t\t\t\t\t\t\t\t<div class=\"is-divider\"><\/div>\n\t\t\t\t\t\t\t\t\t\t<p class=\"from_the_blog_excerpt \">\n\t\t\t\t\t\tOver hele verden opplever man stor mangel p\u00e5 komponenter, og s\u00e6rlig mikroprosessorer. De fleste bransjene [...]\t\t\t\t\t<\/p>\n\t\t\t\t\t                    \n\t\t\t\t\t\n\t\t\t\t\t\n\t\t\t\t\t<\/div>\n\t\t\t\t\t<\/div>\n\t\t\t\t\t\t\t\t\t<\/div>\n\t\t\t<\/div>\n\t\t<\/div><\/div>\n\n\t<div class=\"img has-hover x md-x lg-x y md-y lg-y\" id=\"image_1303650789\">\n\t\t<a class=\"\" href=\"https:\/\/melbusystems.no\/miljopolicy\/\" >\t\t\t\t\t\t<div class=\"img-inner dark\" >\n\t\t\t<img loading=\"lazy\" decoding=\"async\" width=\"1020\" height=\"574\" src=\"https:\/\/melbusystems.no\/wp-content\/uploads\/2023\/08\/Miljofyrtarn-banner-til-web-1920x1080px_Eco1-1600x900.jpg\" class=\"attachment-large size-large\" alt=\"\" srcset=\"https:\/\/melbusystems.no\/wp-content\/uploads\/2023\/08\/Miljofyrtarn-banner-til-web-1920x1080px_Eco1-1600x900.jpg 1600w, https:\/\/melbusystems.no\/wp-content\/uploads\/2023\/08\/Miljofyrtarn-banner-til-web-1920x1080px_Eco1-800x450.jpg 800w, https:\/\/melbusystems.no\/wp-content\/uploads\/2023\/08\/Miljofyrtarn-banner-til-web-1920x1080px_Eco1-768x432.jpg 768w, https:\/\/melbusystems.no\/wp-content\/uploads\/2023\/08\/Miljofyrtarn-banner-til-web-1920x1080px_Eco1-1536x864.jpg 1536w, https:\/\/melbusystems.no\/wp-content\/uploads\/2023\/08\/Miljofyrtarn-banner-til-web-1920x1080px_Eco1-600x338.jpg 600w, https:\/\/melbusystems.no\/wp-content\/uploads\/2023\/08\/Miljofyrtarn-banner-til-web-1920x1080px_Eco1-107x60.jpg 107w, https:\/\/melbusystems.no\/wp-content\/uploads\/2023\/08\/Miljofyrtarn-banner-til-web-1920x1080px_Eco1-160x90.jpg 160w, https:\/\/melbusystems.no\/wp-content\/uploads\/2023\/08\/Miljofyrtarn-banner-til-web-1920x1080px_Eco1.jpg 1920w\" sizes=\"auto, (max-width: 1020px) 100vw, 1020px\" \/>\t\t\t\t\t\t\n\t\t\t\t\t<\/div>\n\t\t\t\t\t\t<\/a>\t\t\n<style>\n#image_1303650789 {\n  width: 100%;\n}\n<\/style>\n\t<\/div>","protected":false},"excerpt":{"rendered":"","protected":false},"author":2,"featured_media":0,"parent":0,"menu_order":0,"comment_status":"closed","ping_status":"closed","template":"","meta":{"footnotes":""},"class_list":["post-16","page","type-page","status-publish","hentry"],"_links":{"self":[{"href":"https:\/\/melbusystems.no\/en\/wp-json\/wp\/v2\/pages\/16","targetHints":{"allow":["GET"]}}],"collection":[{"href":"https:\/\/melbusystems.no\/en\/wp-json\/wp\/v2\/pages"}],"about":[{"href":"https:\/\/melbusystems.no\/en\/wp-json\/wp\/v2\/types\/page"}],"author":[{"embeddable":true,"href":"https:\/\/melbusystems.no\/en\/wp-json\/wp\/v2\/users\/2"}],"replies":[{"embeddable":true,"href":"https:\/\/melbusystems.no\/en\/wp-json\/wp\/v2\/comments?post=16"}],"version-history":[{"count":0,"href":"https:\/\/melbusystems.no\/en\/wp-json\/wp\/v2\/pages\/16\/revisions"}],"wp:attachment":[{"href":"https:\/\/melbusystems.no\/en\/wp-json\/wp\/v2\/media?parent=16"}],"curies":[{"name":"wp","href":"https:\/\/api.w.org\/{rel}","templated":true}]}}